{"id":20,"date":"2025-09-20T22:17:22","date_gmt":"2025-09-20T22:17:22","guid":{"rendered":"https:\/\/peinartebadajoz.com\/index.php\/pages\/"},"modified":"2025-10-14T05:56:06","modified_gmt":"2025-10-14T05:56:06","slug":"pages","status":"publish","type":"page","link":"https:\/\/peinartebadajoz.com\/en\/index.php\/pages\/","title":{"rendered":"Nuestros Servicios"},"content":{"rendered":"<p><strong data-start=\"0\" data-end=\"12\" data-is-only-node=\"\">Peinarte<\/strong> es una peluquer\u00eda dedicada a realzar tu estilo y cuidar tu imagen. Ofrece servicios profesionales de <strong data-start=\"114\" data-end=\"214\">corte, peinado, coloraci\u00f3n, tratamientos capilares, alisados, y peinados para eventos especiales<\/strong>, todo con productos de alta calidad y atenci\u00f3n personalizada. En Peinarte, cada cliente recibe un <strong data-start=\"313\" data-end=\"341\">asesoramiento individual<\/strong> para lograr un look moderno, saludable y acorde a su personalidad.<\/p>\n","protected":false},"excerpt":{"rendered":"<p>Peinarte es una peluquer\u00eda dedicada a realzar tu estilo y cuidar tu imagen. Ofrece servicios profesionales de corte, peinado, coloraci\u00f3n, tratamientos capilares, alisados, y peinados para eventos especiales, todo con productos de alta calidad y atenci\u00f3n personalizada. En Peinarte, cada cliente recibe un asesoramiento individual para lograr un look moderno, saludable y acorde a su [&hellip;]<\/p>\n","protected":false},"author":1,"featured_media":0,"parent":0,"menu_order":0,"comment_status":"closed","ping_status":"closed","template":"","meta":{"_regular_price":[],"currency_symbol":[],"footnotes":""},"class_list":["post-20","page","type-page","status-publish","hentry"],"post_slider_layout_featured_media_urls":{"thumbnail":"","post_slider_layout_landscape_large":"","post_slider_layout_portrait_large":"","post_slider_layout_square_large":"","post_slider_layout_landscape":"","post_slider_layout_portrait":"","post_slider_layout_square":"","full":""},"yoast_head":"<!-- This site is optimized with the Yoast SEO plugin v26.1.1 - https:\/\/yoast.com\/wordpress\/plugins\/seo\/ -->\n<title>Nuestros Servicios -<\/title>\n<meta name=\"robots\" content=\"index, follow, max-snippet:-1, max-image-preview:large, max-video-preview:-1\" \/>\n<link rel=\"canonical\" href=\"http:\/\/peinartebadajoz.com\/en\/index.php\/pages\/\" \/>\n<meta property=\"og:locale\" content=\"en_US\" \/>\n<meta property=\"og:locale:alternate\" content=\"es_ES\" \/>\n<meta property=\"og:type\" content=\"article\" \/>\n<meta property=\"og:title\" content=\"Nuestros Servicios -\" \/>\n<meta property=\"og:description\" content=\"Peinarte es una peluquer\u00eda dedicada a realzar tu estilo y cuidar tu imagen. Ofrece servicios profesionales de corte, peinado, coloraci\u00f3n, tratamientos capilares, alisados, y peinados para eventos especiales, todo con productos de alta calidad y atenci\u00f3n personalizada. En Peinarte, cada cliente recibe un asesoramiento individual para lograr un look moderno, saludable y acorde a su [&hellip;]\" \/>\n<meta property=\"og:url\" content=\"https:\/\/peinartebadajoz.com\/en\/index.php\/pages\/\" \/>\n<meta property=\"article:modified_time\" content=\"2025-10-14T05:56:06+00:00\" \/>\n<meta name=\"twitter:card\" content=\"summary_large_image\" \/>\n<script type=\"application\/ld+json\" class=\"yoast-schema-graph\">{\"@context\":\"https:\/\/schema.org\",\"@graph\":[{\"@type\":\"WebPage\",\"@id\":\"http:\/\/peinartebadajoz.com\/en\/index.php\/pages\/\",\"url\":\"http:\/\/peinartebadajoz.com\/en\/index.php\/pages\/\",\"name\":\"Nuestros Servicios -\",\"isPartOf\":{\"@id\":\"http:\/\/peinartebadajoz.com\/#website\"},\"datePublished\":\"2025-09-20T22:17:22+00:00\",\"dateModified\":\"2025-10-14T05:56:06+00:00\",\"breadcrumb\":{\"@id\":\"http:\/\/peinartebadajoz.com\/en\/index.php\/pages\/#breadcrumb\"},\"inLanguage\":\"en-US\",\"potentialAction\":[{\"@type\":\"ReadAction\",\"target\":[\"http:\/\/peinartebadajoz.com\/en\/index.php\/pages\/\"]}]},{\"@type\":\"BreadcrumbList\",\"@id\":\"http:\/\/peinartebadajoz.com\/en\/index.php\/pages\/#breadcrumb\",\"itemListElement\":[{\"@type\":\"ListItem\",\"position\":1,\"name\":\"Portada\",\"item\":\"http:\/\/peinartebadajoz.com\/\"},{\"@type\":\"ListItem\",\"position\":2,\"name\":\"Nuestros Servicios\"}]},{\"@type\":\"WebSite\",\"@id\":\"http:\/\/peinartebadajoz.com\/#website\",\"url\":\"http:\/\/peinartebadajoz.com\/\",\"name\":\"peinartebadajoz\",\"description\":\"\",\"publisher\":{\"@id\":\"http:\/\/peinartebadajoz.com\/#organization\"},\"potentialAction\":[{\"@type\":\"SearchAction\",\"target\":{\"@type\":\"EntryPoint\",\"urlTemplate\":\"http:\/\/peinartebadajoz.com\/?s={search_term_string}\"},\"query-input\":{\"@type\":\"PropertyValueSpecification\",\"valueRequired\":true,\"valueName\":\"search_term_string\"}}],\"inLanguage\":\"en-US\"},{\"@type\":\"Organization\",\"@id\":\"http:\/\/peinartebadajoz.com\/#organization\",\"name\":\"peinarte\",\"url\":\"http:\/\/peinartebadajoz.com\/\",\"logo\":{\"@type\":\"ImageObject\",\"inLanguage\":\"en-US\",\"@id\":\"http:\/\/peinartebadajoz.com\/#\/schema\/logo\/image\/\",\"url\":\"https:\/\/peinartebadajoz.com\/wp-content\/uploads\/2025\/09\/cropped-WhatsApp-Image-2025-09-16-at-13.06.41.jpeg\",\"contentUrl\":\"https:\/\/peinartebadajoz.com\/wp-content\/uploads\/2025\/09\/cropped-WhatsApp-Image-2025-09-16-at-13.06.41.jpeg\",\"width\":240,\"height\":117,\"caption\":\"peinarte\"},\"image\":{\"@id\":\"http:\/\/peinartebadajoz.com\/#\/schema\/logo\/image\/\"}}]}<\/script>\n<!-- \/ Yoast SEO plugin. -->","yoast_head_json":{"title":"Nuestros Servicios -","robots":{"index":"index","follow":"follow","max-snippet":"max-snippet:-1","max-image-preview":"max-image-preview:large","max-video-preview":"max-video-preview:-1"},"canonical":"http:\/\/peinartebadajoz.com\/en\/index.php\/pages\/","og_locale":"en_US","og_type":"article","og_title":"Nuestros Servicios -","og_description":"Peinarte es una peluquer\u00eda dedicada a realzar tu estilo y cuidar tu imagen. Ofrece servicios profesionales de corte, peinado, coloraci\u00f3n, tratamientos capilares, alisados, y peinados para eventos especiales, todo con productos de alta calidad y atenci\u00f3n personalizada. En Peinarte, cada cliente recibe un asesoramiento individual para lograr un look moderno, saludable y acorde a su [&hellip;]","og_url":"https:\/\/peinartebadajoz.com\/en\/index.php\/pages\/","article_modified_time":"2025-10-14T05:56:06+00:00","twitter_card":"summary_large_image","schema":{"@context":"https:\/\/schema.org","@graph":[{"@type":"WebPage","@id":"http:\/\/peinartebadajoz.com\/en\/index.php\/pages\/","url":"http:\/\/peinartebadajoz.com\/en\/index.php\/pages\/","name":"Nuestros Servicios -","isPartOf":{"@id":"http:\/\/peinartebadajoz.com\/#website"},"datePublished":"2025-09-20T22:17:22+00:00","dateModified":"2025-10-14T05:56:06+00:00","breadcrumb":{"@id":"http:\/\/peinartebadajoz.com\/en\/index.php\/pages\/#breadcrumb"},"inLanguage":"en-US","potentialAction":[{"@type":"ReadAction","target":["http:\/\/peinartebadajoz.com\/en\/index.php\/pages\/"]}]},{"@type":"BreadcrumbList","@id":"http:\/\/peinartebadajoz.com\/en\/index.php\/pages\/#breadcrumb","itemListElement":[{"@type":"ListItem","position":1,"name":"Portada","item":"http:\/\/peinartebadajoz.com\/"},{"@type":"ListItem","position":2,"name":"Nuestros Servicios"}]},{"@type":"WebSite","@id":"http:\/\/peinartebadajoz.com\/#website","url":"http:\/\/peinartebadajoz.com\/","name":"peinartebadajoz","description":"","publisher":{"@id":"http:\/\/peinartebadajoz.com\/#organization"},"potentialAction":[{"@type":"SearchAction","target":{"@type":"EntryPoint","urlTemplate":"http:\/\/peinartebadajoz.com\/?s={search_term_string}"},"query-input":{"@type":"PropertyValueSpecification","valueRequired":true,"valueName":"search_term_string"}}],"inLanguage":"en-US"},{"@type":"Organization","@id":"http:\/\/peinartebadajoz.com\/#organization","name":"peinarte","url":"http:\/\/peinartebadajoz.com\/","logo":{"@type":"ImageObject","inLanguage":"en-US","@id":"http:\/\/peinartebadajoz.com\/#\/schema\/logo\/image\/","url":"https:\/\/peinartebadajoz.com\/wp-content\/uploads\/2025\/09\/cropped-WhatsApp-Image-2025-09-16-at-13.06.41.jpeg","contentUrl":"https:\/\/peinartebadajoz.com\/wp-content\/uploads\/2025\/09\/cropped-WhatsApp-Image-2025-09-16-at-13.06.41.jpeg","width":240,"height":117,"caption":"peinarte"},"image":{"@id":"http:\/\/peinartebadajoz.com\/#\/schema\/logo\/image\/"}}]}},"_links":{"self":[{"href":"https:\/\/peinartebadajoz.com\/en\/index.php\/wp-json\/wp\/v2\/pages\/20","targetHints":{"allow":["GET"]}}],"collection":[{"href":"https:\/\/peinartebadajoz.com\/en\/index.php\/wp-json\/wp\/v2\/pages"}],"about":[{"href":"https:\/\/peinartebadajoz.com\/en\/index.php\/wp-json\/wp\/v2\/types\/page"}],"author":[{"embeddable":true,"href":"https:\/\/peinartebadajoz.com\/en\/index.php\/wp-json\/wp\/v2\/users\/1"}],"replies":[{"embeddable":true,"href":"https:\/\/peinartebadajoz.com\/en\/index.php\/wp-json\/wp\/v2\/comments?post=20"}],"version-history":[{"count":1,"href":"https:\/\/peinartebadajoz.com\/en\/index.php\/wp-json\/wp\/v2\/pages\/20\/revisions"}],"predecessor-version":[{"id":110,"href":"https:\/\/peinartebadajoz.com\/en\/index.php\/wp-json\/wp\/v2\/pages\/20\/revisions\/110"}],"wp:attachment":[{"href":"https:\/\/peinartebadajoz.com\/en\/index.php\/wp-json\/wp\/v2\/media?parent=20"}],"curies":[{"name":"wp","href":"https:\/\/api.w.org\/{rel}","templated":true}]}}