{"id":18,"date":"2025-09-20T22:17:22","date_gmt":"2025-09-20T22:17:22","guid":{"rendered":"https:\/\/peinartebadajoz.com\/index.php\/home\/"},"modified":"2025-10-14T06:20:31","modified_gmt":"2025-10-14T06:20:31","slug":"home","status":"publish","type":"page","link":"https:\/\/peinartebadajoz.com","title":{"rendered":"Home"},"content":{"rendered":"\n<figure class=\"wp-block-image is-resized\"><img loading=\"lazy\" decoding=\"async\" width=\"300\" height=\"40\" src=\"http:\/\/peinartebadajoz.com\/wp-content\/uploads\/2025\/10\/logos-kit-digital-1024x137-1-300x40.png\" alt=\"\" class=\"wp-image-119\" style=\"width:1140px;height:auto\" srcset=\"https:\/\/peinartebadajoz.com\/wp-content\/uploads\/2025\/10\/logos-kit-digital-1024x137-1-300x40.png 300w, https:\/\/peinartebadajoz.com\/wp-content\/uploads\/2025\/10\/logos-kit-digital-1024x137-1-768x103.png 768w, https:\/\/peinartebadajoz.com\/wp-content\/uploads\/2025\/10\/logos-kit-digital-1024x137-1.png 1024w\" sizes=\"auto, (max-width: 300px) 100vw, 300px\" \/><\/figure>\n","protected":false},"excerpt":{"rendered":"","protected":false},"author":1,"featured_media":0,"parent":0,"menu_order":0,"comment_status":"closed","ping_status":"closed","template":"page-template\/custom-home-page.php","meta":{"_regular_price":[],"currency_symbol":[],"footnotes":""},"class_list":["post-18","page","type-page","status-publish","hentry"],"post_slider_layout_featured_media_urls":{"thumbnail":"","post_slider_layout_landscape_large":"","post_slider_layout_portrait_large":"","post_slider_layout_square_large":"","post_slider_layout_landscape":"","post_slider_layout_portrait":"","post_slider_layout_square":"","full":""},"yoast_head":"<!-- This site is optimized with the Yoast SEO plugin v26.1.1 - https:\/\/yoast.com\/wordpress\/plugins\/seo\/ -->\n<title>Home<\/title>\n<meta name=\"description\" content=\"peluquer\u00eda en BadajozPeinarte Badajozsal\u00f3n de belleza Badajozcorte de pelo Badajozpeinados para eventos Badajozcoloraci\u00f3n capilar Badajozmechas y tintes Badajozalisado profesional Badajoztratamientos capilares Badajozpeluquer\u00eda unisex Badajozpeinados de novia Badajozcambio de look Badajozest\u00e9tica y peluquer\u00eda Badajozpeluquer\u00eda moderna en Badajozcita peluquer\u00eda Peinarte\" \/>\n<meta name=\"robots\" content=\"index, follow, max-snippet:-1, max-image-preview:large, max-video-preview:-1\" \/>\n<link rel=\"canonical\" href=\"http:\/\/peinartebadajoz.com\/\" \/>\n<meta property=\"og:locale\" content=\"es_ES\" \/>\n<meta property=\"og:locale:alternate\" content=\"en_US\" \/>\n<meta property=\"og:type\" content=\"article\" \/>\n<meta property=\"og:title\" content=\"Home\" \/>\n<meta property=\"og:description\" content=\"peluquer\u00eda en BadajozPeinarte Badajozsal\u00f3n de belleza Badajozcorte de pelo Badajozpeinados para eventos Badajozcoloraci\u00f3n capilar Badajozmechas y tintes Badajozalisado profesional Badajoztratamientos capilares Badajozpeluquer\u00eda unisex Badajozpeinados de novia Badajozcambio de look Badajozest\u00e9tica y peluquer\u00eda Badajozpeluquer\u00eda moderna en Badajozcita peluquer\u00eda Peinarte\" \/>\n<meta property=\"og:url\" content=\"https:\/\/peinartebadajoz.com\/\" \/>\n<meta property=\"article:modified_time\" content=\"2025-10-14T06:20:31+00:00\" \/>\n<meta property=\"og:image\" content=\"http:\/\/peinartebadajoz.com\/wp-content\/uploads\/2025\/10\/logos-kit-digital-1024x137-1-300x40.png\" \/>\n<meta name=\"twitter:card\" content=\"summary_large_image\" \/>\n<meta name=\"twitter:label1\" content=\"Tiempo de lectura\" \/>\n\t<meta name=\"twitter:data1\" content=\"1 minuto\" \/>\n<script type=\"application\/ld+json\" class=\"yoast-schema-graph\">{\"@context\":\"https:\/\/schema.org\",\"@graph\":[{\"@type\":\"WebPage\",\"@id\":\"http:\/\/peinartebadajoz.com\/\",\"url\":\"http:\/\/peinartebadajoz.com\/\",\"name\":\"Home\",\"isPartOf\":{\"@id\":\"http:\/\/peinartebadajoz.com\/#website\"},\"primaryImageOfPage\":{\"@id\":\"http:\/\/peinartebadajoz.com\/#primaryimage\"},\"image\":{\"@id\":\"http:\/\/peinartebadajoz.com\/#primaryimage\"},\"thumbnailUrl\":\"http:\/\/peinartebadajoz.com\/wp-content\/uploads\/2025\/10\/logos-kit-digital-1024x137-1-300x40.png\",\"datePublished\":\"2025-09-20T22:17:22+00:00\",\"dateModified\":\"2025-10-14T06:20:31+00:00\",\"description\":\"peluquer\u00eda en BadajozPeinarte Badajozsal\u00f3n de belleza Badajozcorte de pelo Badajozpeinados para eventos Badajozcoloraci\u00f3n capilar Badajozmechas y tintes Badajozalisado profesional Badajoztratamientos capilares Badajozpeluquer\u00eda unisex Badajozpeinados de novia Badajozcambio de look Badajozest\u00e9tica y peluquer\u00eda Badajozpeluquer\u00eda moderna en Badajozcita peluquer\u00eda Peinarte\",\"breadcrumb\":{\"@id\":\"http:\/\/peinartebadajoz.com\/#breadcrumb\"},\"inLanguage\":\"es-ES\",\"potentialAction\":[{\"@type\":\"ReadAction\",\"target\":[\"http:\/\/peinartebadajoz.com\/\"]}]},{\"@type\":\"ImageObject\",\"inLanguage\":\"es-ES\",\"@id\":\"http:\/\/peinartebadajoz.com\/#primaryimage\",\"url\":\"https:\/\/peinartebadajoz.com\/wp-content\/uploads\/2025\/10\/logos-kit-digital-1024x137-1.png\",\"contentUrl\":\"https:\/\/peinartebadajoz.com\/wp-content\/uploads\/2025\/10\/logos-kit-digital-1024x137-1.png\",\"width\":1024,\"height\":137},{\"@type\":\"BreadcrumbList\",\"@id\":\"http:\/\/peinartebadajoz.com\/#breadcrumb\",\"itemListElement\":[{\"@type\":\"ListItem\",\"position\":1,\"name\":\"Portada\",\"item\":\"http:\/\/peinartebadajoz.com\/\"},{\"@type\":\"ListItem\",\"position\":2,\"name\":\"Home\"}]},{\"@type\":\"WebSite\",\"@id\":\"http:\/\/peinartebadajoz.com\/#website\",\"url\":\"http:\/\/peinartebadajoz.com\/\",\"name\":\"peinartebadajoz\",\"description\":\"\",\"publisher\":{\"@id\":\"http:\/\/peinartebadajoz.com\/#organization\"},\"potentialAction\":[{\"@type\":\"SearchAction\",\"target\":{\"@type\":\"EntryPoint\",\"urlTemplate\":\"http:\/\/peinartebadajoz.com\/?s={search_term_string}\"},\"query-input\":{\"@type\":\"PropertyValueSpecification\",\"valueRequired\":true,\"valueName\":\"search_term_string\"}}],\"inLanguage\":\"es-ES\"},{\"@type\":\"Organization\",\"@id\":\"http:\/\/peinartebadajoz.com\/#organization\",\"name\":\"peinarte\",\"url\":\"http:\/\/peinartebadajoz.com\/\",\"logo\":{\"@type\":\"ImageObject\",\"inLanguage\":\"es-ES\",\"@id\":\"http:\/\/peinartebadajoz.com\/#\/schema\/logo\/image\/\",\"url\":\"https:\/\/peinartebadajoz.com\/wp-content\/uploads\/2025\/09\/cropped-WhatsApp-Image-2025-09-16-at-13.06.41.jpeg\",\"contentUrl\":\"https:\/\/peinartebadajoz.com\/wp-content\/uploads\/2025\/09\/cropped-WhatsApp-Image-2025-09-16-at-13.06.41.jpeg\",\"width\":240,\"height\":117,\"caption\":\"peinarte\"},\"image\":{\"@id\":\"http:\/\/peinartebadajoz.com\/#\/schema\/logo\/image\/\"}}]}<\/script>\n<!-- \/ Yoast SEO plugin. -->","yoast_head_json":{"title":"Home","description":"peluquer\u00eda en BadajozPeinarte Badajozsal\u00f3n de belleza Badajozcorte de pelo Badajozpeinados para eventos Badajozcoloraci\u00f3n capilar Badajozmechas y tintes Badajozalisado profesional Badajoztratamientos capilares Badajozpeluquer\u00eda unisex Badajozpeinados de novia Badajozcambio de look Badajozest\u00e9tica y peluquer\u00eda Badajozpeluquer\u00eda moderna en Badajozcita peluquer\u00eda Peinarte","robots":{"index":"index","follow":"follow","max-snippet":"max-snippet:-1","max-image-preview":"max-image-preview:large","max-video-preview":"max-video-preview:-1"},"canonical":"http:\/\/peinartebadajoz.com\/","og_locale":"es_ES","og_type":"article","og_title":"[:es]Home[:] -","og_description":"peluquer\u00eda en BadajozPeinarte Badajozsal\u00f3n de belleza Badajozcorte de pelo Badajozpeinados para eventos Badajozcoloraci\u00f3n capilar Badajozmechas y tintes Badajozalisado profesional Badajoztratamientos capilares Badajozpeluquer\u00eda unisex Badajozpeinados de novia Badajozcambio de look Badajozest\u00e9tica y peluquer\u00eda Badajozpeluquer\u00eda moderna en Badajozcita peluquer\u00eda Peinarte","og_url":"https:\/\/peinartebadajoz.com\/","article_modified_time":"2025-10-14T06:20:31+00:00","og_image":[{"url":"http:\/\/peinartebadajoz.com\/wp-content\/uploads\/2025\/10\/logos-kit-digital-1024x137-1-300x40.png","type":"","width":"","height":""}],"twitter_card":"summary_large_image","twitter_misc":{"Tiempo de lectura":"1 minuto"},"schema":{"@context":"https:\/\/schema.org","@graph":[{"@type":"WebPage","@id":"http:\/\/peinartebadajoz.com\/","url":"http:\/\/peinartebadajoz.com\/","name":"Home","isPartOf":{"@id":"http:\/\/peinartebadajoz.com\/#website"},"primaryImageOfPage":{"@id":"http:\/\/peinartebadajoz.com\/#primaryimage"},"image":{"@id":"http:\/\/peinartebadajoz.com\/#primaryimage"},"thumbnailUrl":"http:\/\/peinartebadajoz.com\/wp-content\/uploads\/2025\/10\/logos-kit-digital-1024x137-1-300x40.png","datePublished":"2025-09-20T22:17:22+00:00","dateModified":"2025-10-14T06:20:31+00:00","description":"peluquer\u00eda en BadajozPeinarte Badajozsal\u00f3n de belleza Badajozcorte de pelo Badajozpeinados para eventos Badajozcoloraci\u00f3n capilar Badajozmechas y tintes Badajozalisado profesional Badajoztratamientos capilares Badajozpeluquer\u00eda unisex Badajozpeinados de novia Badajozcambio de look Badajozest\u00e9tica y peluquer\u00eda Badajozpeluquer\u00eda moderna en Badajozcita peluquer\u00eda Peinarte","breadcrumb":{"@id":"http:\/\/peinartebadajoz.com\/#breadcrumb"},"inLanguage":"es-ES","potentialAction":[{"@type":"ReadAction","target":["http:\/\/peinartebadajoz.com\/"]}]},{"@type":"ImageObject","inLanguage":"es-ES","@id":"http:\/\/peinartebadajoz.com\/#primaryimage","url":"https:\/\/peinartebadajoz.com\/wp-content\/uploads\/2025\/10\/logos-kit-digital-1024x137-1.png","contentUrl":"https:\/\/peinartebadajoz.com\/wp-content\/uploads\/2025\/10\/logos-kit-digital-1024x137-1.png","width":1024,"height":137},{"@type":"BreadcrumbList","@id":"http:\/\/peinartebadajoz.com\/#breadcrumb","itemListElement":[{"@type":"ListItem","position":1,"name":"Portada","item":"http:\/\/peinartebadajoz.com\/"},{"@type":"ListItem","position":2,"name":"Home"}]},{"@type":"WebSite","@id":"http:\/\/peinartebadajoz.com\/#website","url":"http:\/\/peinartebadajoz.com\/","name":"peinartebadajoz","description":"","publisher":{"@id":"http:\/\/peinartebadajoz.com\/#organization"},"potentialAction":[{"@type":"SearchAction","target":{"@type":"EntryPoint","urlTemplate":"http:\/\/peinartebadajoz.com\/?s={search_term_string}"},"query-input":{"@type":"PropertyValueSpecification","valueRequired":true,"valueName":"search_term_string"}}],"inLanguage":"es-ES"},{"@type":"Organization","@id":"http:\/\/peinartebadajoz.com\/#organization","name":"peinarte","url":"http:\/\/peinartebadajoz.com\/","logo":{"@type":"ImageObject","inLanguage":"es-ES","@id":"http:\/\/peinartebadajoz.com\/#\/schema\/logo\/image\/","url":"https:\/\/peinartebadajoz.com\/wp-content\/uploads\/2025\/09\/cropped-WhatsApp-Image-2025-09-16-at-13.06.41.jpeg","contentUrl":"https:\/\/peinartebadajoz.com\/wp-content\/uploads\/2025\/09\/cropped-WhatsApp-Image-2025-09-16-at-13.06.41.jpeg","width":240,"height":117,"caption":"peinarte"},"image":{"@id":"http:\/\/peinartebadajoz.com\/#\/schema\/logo\/image\/"}}]}},"_links":{"self":[{"href":"https:\/\/peinartebadajoz.com\/index.php\/wp-json\/wp\/v2\/pages\/18","targetHints":{"allow":["GET"]}}],"collection":[{"href":"https:\/\/peinartebadajoz.com\/index.php\/wp-json\/wp\/v2\/pages"}],"about":[{"href":"https:\/\/peinartebadajoz.com\/index.php\/wp-json\/wp\/v2\/types\/page"}],"author":[{"embeddable":true,"href":"https:\/\/peinartebadajoz.com\/index.php\/wp-json\/wp\/v2\/users\/1"}],"replies":[{"embeddable":true,"href":"https:\/\/peinartebadajoz.com\/index.php\/wp-json\/wp\/v2\/comments?post=18"}],"version-history":[{"count":2,"href":"https:\/\/peinartebadajoz.com\/index.php\/wp-json\/wp\/v2\/pages\/18\/revisions"}],"predecessor-version":[{"id":121,"href":"https:\/\/peinartebadajoz.com\/index.php\/wp-json\/wp\/v2\/pages\/18\/revisions\/121"}],"wp:attachment":[{"href":"https:\/\/peinartebadajoz.com\/index.php\/wp-json\/wp\/v2\/media?parent=18"}],"curies":[{"name":"wp","href":"https:\/\/api.w.org\/{rel}","templated":true}]}}